{"id":1203,"date":"2026-03-13T09:33:08","date_gmt":"2026-03-13T02:33:08","guid":{"rendered":"https:\/\/ceresvietnam.com\/?post_type=product&#038;p=1203"},"modified":"2026-03-31T08:38:24","modified_gmt":"2026-03-31T01:38:24","slug":"tra-sencha-cordyceps-ceres","status":"publish","type":"product","link":"https:\/\/ceresvietnam.com\/en\/san-pham\/tra-sencha-cordyceps-ceres\/","title":{"rendered":"TR\u00c0 SENCHA CORDYCEPS CERES"},"content":{"rendered":"<p><span style=\"font-weight: 400;\">Trong b\u1ed1i c\u1ea3nh th\u1ecb tr\u01b0\u1eddng th\u1ef1c ph\u1ea9m c\u00f3 l\u1ee3i s\u1ee9c kh\u1ecfe ng\u00e0y c\u00e0ng ch\u1ea1y theo h\u00e0m l\u01b0\u1ee3ng cao, c\u00f4ng d\u1ee5ng nhanh, CERES ch\u1ecdn m\u1ed9t con \u0111\u01b0\u1eddng kh\u00e1c: <\/span><b>n\u00f4ng s\u1ea3n t\u1eed t\u1ebf<\/b><span style=\"font-weight: 400;\">. \u0110\u00f3 l\u00e0 con \u0111\u01b0\u1eddng kh\u00f4ng ph\u00f4 tr\u01b0\u01a1ng, kh\u00f4ng th\u1ed5i ph\u1ed3ng t\u00e1c d\u1ee5ng, kh\u00f4ng t\u1ea1o \u00e1p l\u1ef1c cho c\u01a1 th\u1ec3, m\u00e0 t\u1eadp trung v\u00e0o <\/span><b>ch\u1ea5t l\u01b0\u1ee3ng th\u1eadt, \u0111\u1ed9 an to\u00e0n v\u00e0 kh\u1ea3 n\u0103ng s\u1eed d\u1ee5ng l\u00e2u d\u00e0i<\/b><span style=\"font-weight: 400;\"> trong \u0111\u1eddi s\u1ed1ng h\u1eb1ng ng\u00e0y.<\/span><\/p>\n<p style=\"text-align: justify;\"><span style=\"font-weight: 400;\">Kh\u1edfi \u0111\u1ea7u v\u1edbi <\/span><b>Cordyceps Vietnam <\/b><span style=\"font-weight: 400;\">\u2013 m\u1ed9t trong nh\u1eefng n\u00f4ng s\u1ea3n gi\u00e1 tr\u1ecb cao c\u1ee7a Vi\u1ec7t Nam, CERES cam k\u1ebft mang \u0111\u1ebfn nh\u1eefng s\u1ea3n ph\u1ea9m \u0111\u01b0\u1ee3c <\/span><b>nu\u00f4i tr\u1ed3ng chu\u1ea9n m\u1ef1c, ki\u1ec3m so\u00e1t ch\u1eb7t ch\u1ebd v\u00e0 minh b\u1ea1ch h\u1ed3 s\u01a1 ch\u1ea5t l\u01b0\u1ee3ng<\/b><span style=\"font-weight: 400;\">, \u0111\u1ec3 ng\u01b0\u1eddi Vi\u1ec7t c\u00f3 th\u1ec3 an t\u00e2m b\u1ed5 sung dinh d\u01b0\u1ee1ng t\u1eeb ch\u00ednh ngu\u1ed3n n\u00f4ng s\u1ea3n trong n\u01b0\u1edbc.<\/span><\/p>\n<p style=\"text-align: justify;\"><span style=\"font-weight: 400;\">T\u1eeb tri\u1ebft l\u00fd \u0111\u00f3, <\/span><b>Tr\u00e0 Sencha Cordyceps CERES<\/b><span style=\"font-weight: 400;\"> ra \u0111\u1eddi \u2013 m\u1ed9t s\u1ea3n ph\u1ea9m k\u1ebft h\u1ee3p h\u00e0i h\u00f2a gi\u1eefa <\/span><b>tr\u00e0 xanh Sencha thanh khi\u1ebft<\/b><span style=\"font-weight: 400;\"> v\u00e0 <\/span><b>n\u1ea5m Cordyceps militaris<\/b><span style=\"font-weight: 400;\">, h\u01b0\u1edbng \u0111\u1ebfn vi\u1ec7c ch\u0103m s\u00f3c s\u1ee9c kh\u1ecfe m\u1ed9t c\u00e1ch nh\u1eb9 nh\u00e0ng, t\u1ef1 nhi\u00ean v\u00e0 b\u1ec1n v\u1eefng m\u1ed7i ng\u00e0y<\/span><\/p>\n<h2 style=\"text-align: justify;\"><b>Gi\u1edbi thi\u1ec7u s\u1ea3n ph\u1ea9m Tr\u00e0 Sencha Cordyceps CERES<\/b><\/h2>\n<p style=\"text-align: justify;\"><b>Tr\u00e0 Sencha Cordyceps CERES<\/b><span style=\"font-weight: 400;\"> l\u00e0 d\u00f2ng tr\u00e0 th\u1ea3o m\u1ed9c cao c\u1ea5p, \u0111\u01b0\u1ee3c nghi\u00ean c\u1ee9u v\u00e0 ph\u00e1t tri\u1ec3n d\u00e0nh cho nh\u1eefng ng\u01b0\u1eddi mong mu\u1ed1n <\/span><b>b\u1ed5 sung dinh d\u01b0\u1ee1ng m\u1ed9t c\u00e1ch an to\u00e0n, d\u1ec5 s\u1eed d\u1ee5ng v\u00e0 ph\u00f9 h\u1ee3p v\u1edbi nh\u1ecbp s\u1ed1ng hi\u1ec7n \u0111\u1ea1i<\/b><span style=\"font-weight: 400;\">.<\/span><\/p>\n<p style=\"text-align: justify;\"><span style=\"font-weight: 400;\">S\u1ef1 k\u1ebft h\u1ee3p gi\u1eefa:<\/span><\/p>\n<ul style=\"text-align: justify;\">\n<li style=\"font-weight: 400;\" aria-level=\"1\"><b>Tr\u00e0 Sencha<\/b><span style=\"font-weight: 400;\"> \u2013 tr\u00e0 xanh n\u1ed5i ti\u1ebfng v\u1edbi v\u1ecb thanh m\u00e1t, gi\u00e0u ch\u1ea5t ch\u1ed1ng oxy h\u00f3a<\/span><\/li>\n<li style=\"font-weight: 400;\" aria-level=\"1\"><b>N\u1ea5m Cordyceps (hay c\u00f2n \u0111\u01b0\u1ee3c g\u1ecdi l\u00e0 N\u1ea5m \u0110\u00f4ng Tr\u00f9ng H\u1ea1 Th\u1ea3o)<\/b><span style=\"font-weight: 400;\"> \u2013 n\u00f4ng s\u1ea3n gi\u00e1 tr\u1ecb cao, \u0111\u01b0\u1ee3c nu\u00f4i tr\u1ed3ng v\u00e0 ki\u1ec3m so\u00e1t ch\u1ea5t l\u01b0\u1ee3ng theo ti\u00eau chu\u1ea9n qu\u1ed1c t\u1ebf \u0111\u00e3 t\u1ea1o n\u00ean m\u1ed9t th\u1ee9c u\u1ed1ng c\u00e2n b\u1eb1ng gi\u1eefa <\/span><b>th\u01b0\u1edfng tr\u00e0 v\u00e0 ch\u0103m s\u00f3c s\u1ee9c kh\u1ecfe<\/b><span style=\"font-weight: 400;\">, ph\u00f9 h\u1ee3p \u0111\u1ec3 s\u1eed d\u1ee5ng h\u1eb1ng ng\u00e0y m\u00e0 kh\u00f4ng g\u00e2y \u00e1p l\u1ef1c cho c\u01a1 th\u1ec3.<\/span><\/li>\n<\/ul>\n<p style=\"text-align: justify;\"><span style=\"font-weight: 400;\">Tr\u00e0 Sencha Cordyceps kh\u00f4ng ph\u1ea3i l\u00e0 s\u1ea3n ph\u1ea9m \u201c\u0111\u1eb7c tr\u1ecb\u201d, m\u00e0 l\u00e0 <\/span><b>m\u1ed9t ph\u1ea7n c\u1ee7a l\u1ed1i s\u1ed1ng l\u00e0nh m\u1ea1nh<\/b><span style=\"font-weight: 400;\">, n\u01a1i vi\u1ec7c ch\u0103m s\u00f3c s\u1ee9c kh\u1ecfe b\u1eaft \u0111\u1ea7u t\u1eeb nh\u1eefng th\u00f3i quen nh\u1ecf nh\u01b0ng b\u1ec1n v\u1eefng.<\/span><\/p>\n<h2 style=\"text-align: justify;\"><b>\u2b50 Th\u00e0nh ph\u1ea7n<\/b><\/h2>\n<p style=\"text-align: justify;\"><b>Th\u00e0nh ph\u1ea7n ch\u00ednh:<\/b><\/p>\n<ul style=\"text-align: justify;\">\n<li style=\"font-weight: 400;\" aria-level=\"1\"><b>Tr\u00e0 xanh Sencha<\/b><span style=\"font-weight: 400;\">: tuy\u1ec3n ch\u1ecdn t\u1eeb ngu\u1ed3n nguy\u00ean li\u1ec7u s\u1ea1ch, \u0111\u01b0\u1ee3c x\u1eed l\u00fd v\u00e0 s\u1ea5y kh\u00f4 theo quy tr\u00ecnh \u0111\u1ea3m b\u1ea3o gi\u1eef tr\u1ecdn h\u01b0\u01a1ng v\u1ecb t\u1ef1 nhi\u00ean.<\/span><\/li>\n<li style=\"font-weight: 400;\" aria-level=\"1\"><b>N\u1ea5m Cordyceps militaris<\/b><span style=\"font-weight: 400;\">: nu\u00f4i tr\u1ed3ng t\u1ea1i Vi\u1ec7t Nam theo quy tr\u00ecnh ki\u1ec3m so\u00e1t nghi\u00eam ng\u1eb7t, \u0111\u1ea1t c\u00e1c ti\u00eau chu\u1ea9n an to\u00e0n v\u00e0 ch\u1ea5t l\u01b0\u1ee3ng qu\u1ed1c t\u1ebf.<\/span><\/li>\n<\/ul>\n<p style=\"text-align: justify;\"><b>Cam k\u1ebft th\u00e0nh ph\u1ea7n:<\/b><\/p>\n<ul style=\"text-align: justify;\">\n<li style=\"font-weight: 400;\" aria-level=\"1\"><span style=\"font-weight: 400;\">Kh\u00f4ng ch\u1ea5t b\u1ea3o qu\u1ea3n<\/span><\/li>\n<li style=\"font-weight: 400;\" aria-level=\"1\"><span style=\"font-weight: 400;\">Kh\u00f4ng ph\u1ea9m m\u00e0u t\u1ed5ng h\u1ee3p<\/span><\/li>\n<li style=\"font-weight: 400;\" aria-level=\"1\"><span style=\"font-weight: 400;\">Kh\u00f4ng h\u01b0\u01a1ng li\u1ec7u nh\u00e2n t\u1ea1o<\/span><\/li>\n<li style=\"font-weight: 400;\" aria-level=\"1\"><span style=\"font-weight: 400;\">Kh\u00f4ng pha tr\u1ed9n nguy\u00ean li\u1ec7u k\u00e9m ch\u1ea5t l\u01b0\u1ee3ng<\/span><\/li>\n<\/ul>\n<h2 style=\"text-align: justify;\"><b>\u2b50 Gi\u00e1 tr\u1ecb dinh d\u01b0\u1ee1ng &amp; l\u1ee3i \u00edch s\u1eed d\u1ee5ng<\/b><\/h2>\n<h3 style=\"text-align: justify;\"><b> T\u1eeb tr\u00e0 Sencha<\/b><\/h3>\n<ul style=\"text-align: justify;\">\n<li style=\"font-weight: 400;\" aria-level=\"1\"><span style=\"font-weight: 400;\">H\u1ed7 tr\u1ee3 thanh l\u1ecdc c\u01a1 th\u1ec3, mang l\u1ea1i c\u1ea3m gi\u00e1c t\u1ec9nh t\u00e1o<\/span><\/li>\n<li style=\"font-weight: 400;\" aria-level=\"1\"><span style=\"font-weight: 400;\">H\u01b0\u01a1ng v\u1ecb thanh nh\u1eb9, d\u1ec5 u\u1ed1ng, ph\u00f9 h\u1ee3p d\u00f9ng m\u1ed7i ng\u00e0y<\/span><\/li>\n<\/ul>\n<h3 style=\"text-align: justify;\"><b>\u00a0\u200dT\u1eeb N\u1ea5m Cordyceps\u00a0<\/b><\/h3>\n<ul style=\"text-align: justify;\">\n<li style=\"font-weight: 400;\" aria-level=\"1\"><span style=\"font-weight: 400;\">Ch\u1ee9a c\u00e1c d\u01b0\u1ee1ng ch\u1ea5t t\u1ef1 nhi\u00ean <\/span><\/li>\n<li style=\"font-weight: 400;\" aria-level=\"1\"><span style=\"font-weight: 400;\">G\u00f3p ph\u1ea7n h\u1ed7 tr\u1ee3 t\u0103ng c\u01b0\u1eddng s\u1ee9c \u0111\u1ec1 kh\u00e1ng<\/span><\/li>\n<li style=\"font-weight: 400;\" aria-level=\"1\"><span style=\"font-weight: 400;\">H\u1ed7 tr\u1ee3 duy tr\u00ec th\u1ec3 tr\u1ea1ng \u1ed5n \u0111\u1ecbnh khi s\u1eed d\u1ee5ng \u0111\u1ec1u \u0111\u1eb7n, l\u00e2u d\u00e0i<\/span><\/li>\n<\/ul>\n<p style=\"text-align: justify;\"><span style=\"font-weight: 400;\">Tr\u00e0 Sencha Cordyceps CERES kh\u00f4ng h\u01b0\u1edbng \u0111\u1ebfn t\u00e1c d\u1ee5ng \u201cnhanh \u2013 m\u1ea1nh\u201d, m\u00e0 t\u1eadp trung v\u00e0o:<\/span><\/p>\n<ul style=\"text-align: justify;\">\n<li style=\"font-weight: 400;\" aria-level=\"1\"><b>Nu\u00f4i d\u01b0\u1ee1ng c\u01a1 th\u1ec3 t\u1eeb t\u1eeb<\/b><\/li>\n<li style=\"font-weight: 400;\" aria-level=\"1\"><b>H\u1ed7 tr\u1ee3 s\u1ee9c kh\u1ecfe t\u1ed5ng th\u1ec3<\/b><\/li>\n<li style=\"font-weight: 400;\" aria-level=\"1\"><b>Ph\u00f9 h\u1ee3p \u0111\u1ec3 s\u1eed d\u1ee5ng h\u1eb1ng ng\u00e0y nh\u01b0 m\u1ed9t th\u00f3i quen l\u00e0nh m\u1ea1nh<\/b><\/li>\n<\/ul>\n<h2 style=\"text-align: justify;\"><b>\u2b50 \u01afu \u0111i\u1ec3m n\u1ed5i b\u1eadt c\u1ee7a Tr\u00e0 Sencha Cordyceps CERES<\/b><\/h2>\n<ul style=\"text-align: justify;\">\n<li style=\"font-weight: 400;\" aria-level=\"1\"><b>Ngu\u1ed3n nguy\u00ean li\u1ec7u minh b\u1ea1ch<\/b><span style=\"font-weight: 400;\">, c\u00f3 th\u1ec3 truy xu\u1ea5t<\/span><\/li>\n<li style=\"font-weight: 400;\" aria-level=\"1\"><b>Cordyceps \u0111\u1ea1t \u0111\u1ea7y \u0111\u1ee7 h\u1ed3 s\u01a1 ch\u1ea5t l\u01b0\u1ee3ng<\/b><\/li>\n<li style=\"font-weight: 400;\" aria-level=\"1\"><span style=\"font-weight: 400;\">C\u00f3 <\/span><b>COA (Certificate of Analysis)<\/b><span style=\"font-weight: 400;\"> cho t\u1eebng l\u00f4 s\u1ea3n xu\u1ea5t<\/span><\/li>\n<li style=\"font-weight: 400;\" aria-level=\"1\"><span style=\"font-weight: 400;\">N\u1ea5m Cordyceps Ceres l\u00e0 s\u1ea3n ph\u1ea9m \u0111\u1ea1t c\u00e1c ch\u1ee9ng nh\u1eadn:<\/span>\n<ul>\n<li style=\"font-weight: 400;\" aria-level=\"2\"><b>FDA (Hoa K\u1ef3)<\/b><\/li>\n<li style=\"font-weight: 400;\" aria-level=\"2\"><b>ISO 22000:2018 (T\u00dcV Rheinland)<\/b><\/li>\n<li style=\"font-weight: 400;\" aria-level=\"2\"><b>HALAL<\/b><\/li>\n<\/ul>\n<\/li>\n<li style=\"font-weight: 400;\" aria-level=\"1\"><span style=\"font-weight: 400;\">S\u1ea3n xu\u1ea5t theo quy tr\u00ecnh ki\u1ec3m so\u00e1t nghi\u00eam ng\u1eb7t, \u0111\u1ea3m b\u1ea3o an to\u00e0n th\u1ef1c ph\u1ea9m<\/span><\/li>\n<li style=\"font-weight: 400;\" aria-level=\"1\"><span style=\"font-weight: 400;\">Ph\u00f9 h\u1ee3p v\u1edbi nhi\u1ec1u \u0111\u1ed1i t\u01b0\u1ee3ng s\u1eed d\u1ee5ng h\u1eb1ng ng\u00e0y<\/span><\/li>\n<\/ul>\n<h2 style=\"text-align: justify;\"><b>\u00a0Ch\u1ee9ng nh\u1eadn &amp; ki\u1ec3m \u0111\u1ecbnh ch\u1ea5t l\u01b0\u1ee3ng<\/b><\/h2>\n<p style=\"text-align: justify;\"><span style=\"font-weight: 400;\">CERES cam k\u1ebft minh b\u1ea1ch v\u00e0 tu\u00e2n th\u1ee7 c\u00e1c ti\u00eau chu\u1ea9n qu\u1ed1c t\u1ebf:<\/span><\/p>\n<ul style=\"text-align: justify;\">\n<li style=\"font-weight: 400;\" aria-level=\"1\"><b>COA<\/b><span style=\"font-weight: 400;\">: Ph\u00e2n t\u00edch th\u00e0nh ph\u1ea7n v\u00e0 \u0111\u1ed9 an to\u00e0n c\u1ee7a s\u1ea3n ph\u1ea9m<\/span><\/li>\n<li style=\"font-weight: 400;\" aria-level=\"1\"><b>FDA<\/b><span style=\"font-weight: 400;\">: \u0110\u00e1p \u1ee9ng y\u00eau c\u1ea7u v\u1ec1 an to\u00e0n th\u1ef1c ph\u1ea9m<\/span><span style=\"font-weight: 400;\"><br \/>\n<\/span><b>ISO 22000:2018 (T\u00dcV Rheinland)<\/b><span style=\"font-weight: 400;\">: Quy tr\u00ecnh qu\u1ea3n l\u00fd ch\u1ea5t l\u01b0\u1ee3ng nghi\u00eam ng\u1eb7t<\/span><\/li>\n<li style=\"font-weight: 400;\" aria-level=\"1\"><b>HALAL<\/b><span style=\"font-weight: 400;\">: Ph\u00f9 h\u1ee3p v\u1edbi ti\u00eau chu\u1ea9n s\u1eed d\u1ee5ng c\u1ee7a ng\u01b0\u1eddi H\u1ed3i gi\u00e1o<\/span><\/li>\n<\/ul>\n<p style=\"text-align: justify;\"><span style=\"font-weight: 400;\">\u0110\u00e2y kh\u00f4ng ch\u1ec9 l\u00e0 gi\u1ea5y ch\u1ee9ng nh\u1eadn, m\u00e0 l\u00e0 <\/span><b>cam k\u1ebft d\u00e0i h\u1ea1n c\u1ee7a CERES \u0111\u1ed1i v\u1edbi s\u1ee9c kh\u1ecfe ng\u01b0\u1eddi ti\u00eau d\u00f9ng<\/b><span style=\"font-weight: 400;\">.<\/span><\/p>\n<h2 style=\"text-align: justify;\"><b> H\u01b0\u1edbng d\u1eabn s\u1eed d\u1ee5ng<\/b><\/h2>\n<ul style=\"text-align: justify;\">\n<li style=\"font-weight: 400;\" aria-level=\"1\"><b>B\u01b0\u1edbc 1:<\/b><span style=\"font-weight: 400;\"> Chu\u1ea9n b\u1ecb 200 \u2013 250ml n\u01b0\u1edbc \u0111un s\u00f4i, sau \u0111\u00f3 \u0111\u1ec3 ngu\u1ed9i kho\u1ea3ng <\/span><b>70 \u2013 80\u00b0C<\/b><\/li>\n<li style=\"font-weight: 400;\" aria-level=\"1\"><b>B\u01b0\u1edbc 2:<\/b><span style=\"font-weight: 400;\"> Cho 1 t\u00fai tr\u00e0 Sencha Cordyceps v\u00e0o t\u00e1ch<\/span><\/li>\n<li style=\"font-weight: 400;\" aria-level=\"1\"><b>B\u01b0\u1edbc 3:<\/b><span style=\"font-weight: 400;\"> R\u00f3t n\u01b0\u1edbc v\u00e0o v\u00e0 \u1ee7 tr\u00e0 t\u1eeb <\/span><b>3 \u2013 5 ph\u00fat<\/b><\/li>\n<li style=\"font-weight: 400;\" aria-level=\"1\"><b>B\u01b0\u1edbc 4:<\/b><span style=\"font-weight: 400;\"> Th\u01b0\u1edfng th\u1ee9c n\u00f3ng ho\u1eb7c l\u1ea1nh t\u00f9y kh\u1ea9u v\u1ecb<\/span><\/li>\n<\/ul>\n<p style=\"text-align: justify;\"><b>Th\u1eddi \u0111i\u1ec3m s\u1eed d\u1ee5ng khuy\u1ebfn ngh\u1ecb:<\/b><\/p>\n<ul style=\"text-align: justify;\">\n<li style=\"font-weight: 400;\" aria-level=\"1\"><span style=\"font-weight: 400;\">Bu\u1ed5i s\u00e1ng ho\u1eb7c \u0111\u1ea7u gi\u1edd chi\u1ec1u<\/span><\/li>\n<li style=\"font-weight: 400;\" aria-level=\"1\"><span style=\"font-weight: 400;\">C\u00f3 th\u1ec3 d\u00f9ng h\u1eb1ng ng\u00e0y<\/span><\/li>\n<\/ul>\n<h2 style=\"text-align: justify;\"><b>\u26a0\ufe0f\u00a0 Khuy\u1ebfn c\u00e1o &amp; l\u01b0u \u00fd<\/b><\/h2>\n<ul style=\"text-align: justify;\">\n<li style=\"font-weight: 400;\" aria-level=\"1\"><span style=\"font-weight: 400;\">Kh\u00f4ng s\u1eed d\u1ee5ng cho ng\u01b0\u1eddi d\u1ecb \u1ee9ng v\u1edbi b\u1ea5t k\u1ef3 th\u00e0nh ph\u1ea7n n\u00e0o c\u1ee7a s\u1ea3n ph\u1ea9m<\/span><\/li>\n<li style=\"font-weight: 400;\" aria-level=\"1\"><span style=\"font-weight: 400;\">Ph\u1ee5 n\u1eef mang thai, ng\u01b0\u1eddi \u0111ang \u0111i\u1ec1u tr\u1ecb b\u1ec7nh ho\u1eb7c s\u1eed d\u1ee5ng thu\u1ed1c n\u00ean tham kh\u1ea3o \u00fd ki\u1ebfn chuy\u00ean gia tr\u01b0\u1edbc khi d\u00f9ng<\/span><\/li>\n<li style=\"font-weight: 400;\" aria-level=\"1\"><span style=\"font-weight: 400;\">Kh\u00f4ng s\u1eed d\u1ee5ng n\u1ebfu bao b\u00ec b\u1ecb r\u00e1ch, h\u1edf ho\u1eb7c c\u00f3 d\u1ea5u hi\u1ec7u b\u1ea5t th\u01b0\u1eddng<\/span><\/li>\n<\/ul>\n<h2 style=\"text-align: justify;\"><b> C\u00e1ch b\u1ea3o qu\u1ea3n<\/b><\/h2>\n<ul style=\"text-align: justify;\">\n<li style=\"font-weight: 400;\" aria-level=\"1\"><span style=\"font-weight: 400;\">B\u1ea3o qu\u1ea3n n\u01a1i kh\u00f4 r\u00e1o, tho\u00e1ng m\u00e1t<\/span><\/li>\n<li style=\"font-weight: 400;\" aria-level=\"1\"><span style=\"font-weight: 400;\">Tr\u00e1nh \u00e1nh n\u1eafng tr\u1ef1c ti\u1ebfp v\u00e0 n\u01a1i c\u00f3 \u0111\u1ed9 \u1ea9m cao<\/span><\/li>\n<li style=\"font-weight: 400;\" aria-level=\"1\"><span style=\"font-weight: 400;\">\u0110\u00f3ng k\u00edn bao b\u00ec sau khi s\u1eed d\u1ee5ng<\/span><\/li>\n<li style=\"font-weight: 400;\" aria-level=\"1\"><span style=\"font-weight: 400;\">S\u1eed d\u1ee5ng s\u1ea3n ph\u1ea9m trong th\u1eddi h\u1ea1n khuy\u1ebfn ngh\u1ecb \u0111\u1ec3 \u0111\u1ea3m b\u1ea3o ch\u1ea5t l\u01b0\u1ee3ng t\u1ed1t nh\u1ea5t<\/span><\/li>\n<\/ul>\n<h2 style=\"text-align: justify;\"><b> Th\u00f4ng \u0111i\u1ec7p t\u1eeb CERES<\/b><\/h2>\n<p style=\"text-align: justify;\"><span style=\"font-weight: 400;\">Tr\u00e0 Sencha Cordyceps CERES kh\u00f4ng ch\u1ec9 l\u00e0 m\u1ed9t s\u1ea3n ph\u1ea9m tr\u00e0, m\u00e0 l\u00e0 <\/span><b>m\u1ed9t l\u1ef1a ch\u1ecdn s\u1ed1ng<\/b><span style=\"font-weight: 400;\"> \u2013 n\u01a1i b\u1ea1n ch\u0103m s\u00f3c c\u01a1 th\u1ec3 b\u1eb1ng s\u1ef1 ki\u00ean nh\u1eabn, hi\u1ec3u bi\u1ebft v\u00e0 t\u1eed t\u1ebf v\u1edbi ch\u00ednh m\u00ecnh.<\/span><\/p>\n<p style=\"text-align: justify;\"><b>CERES \u2013 Care For Your Wellness.<\/b><b><br \/>\n<\/b><b> Ch\u0103m s\u00f3c s\u1ee9c kh\u1ecfe b\u1ec1n v\u1eefng, b\u1eaft \u0111\u1ea7u t\u1eeb nh\u1eefng \u0111i\u1ec1u gi\u1ea3n d\u1ecb m\u1ed7i ng\u00e0y.<\/b><\/p>\n<p style=\"text-align: justify;\">\n","protected":false},"excerpt":{"rendered":"<p style=\"text-align: justify;\"><b>Ch\u0103m s\u00f3c s\u1ee9c kh\u1ecfe b\u1ec1n v\u1eefng t\u1eeb n\u00f4ng s\u1ea3n t\u1eed t\u1ebf<\/b><\/p>\n<h2 style=\"text-align: justify;\"><b>CERES \u2013 Kh\u1edfi ngu\u1ed3n t\u1eeb tri\u1ebft l\u00fd ch\u0103m s\u00f3c s\u1ee9c kh\u1ecfe t\u1eed t\u1ebf<\/b><\/h2>\n<p style=\"text-align: justify;\"><span style=\"font-weight: 400;\">CERES \u0111\u01b0\u1ee3c h\u00ecnh th\u00e0nh t\u1eeb tri\u1ebft l\u00fd <\/span><b>\u201cCare For Your Wellness\u201d<\/b><span style=\"font-weight: 400;\"> \u2013 ch\u0103m s\u00f3c s\u1ee9c kh\u1ecfe b\u1eb1ng s\u1ef1 t\u1eed t\u1ebf, khoa h\u1ecdc v\u00e0 minh b\u1ea1ch. Ch\u00fang t\u00f4i tin r\u1eb1ng m\u1ed9t c\u01a1 th\u1ec3 kh\u1ecfe m\u1ea1nh kh\u00f4ng \u0111\u1ebfn t\u1eeb nh\u1eefng t\u00e1c \u0111\u1ed9ng t\u1ee9c th\u00ec hay l\u1eddi h\u1ee9a ph\u00f3ng \u0111\u1ea1i, m\u00e0 \u0111\u1ebfn t\u1eeb <\/span><b>n\u1ec1n dinh d\u01b0\u1ee1ng t\u1ef1 nhi\u00ean, c\u00e2n b\u1eb1ng v\u00e0 \u0111\u1ee7 an to\u00e0n \u0111\u1ec3 s\u1eed d\u1ee5ng m\u1ed7i ng\u00e0y<\/b><span style=\"font-weight: 400;\">.<\/span><\/p>\n","protected":false},"featured_media":1204,"comment_status":"closed","ping_status":"closed","template":"","meta":[],"product_brand":[],"product_cat":[89],"product_tag":[],"class_list":{"0":"post-1203","1":"product","2":"type-product","3":"status-publish","4":"has-post-thumbnail","6":"product_cat-tra","8":"first","9":"instock","10":"shipping-taxable","11":"purchasable","12":"product-type-variable","13":"add-to-wishlist-after_add_to_cart"},"_links":{"self":[{"href":"https:\/\/ceresvietnam.com\/en\/wp-json\/wp\/v2\/product\/1203","targetHints":{"allow":["GET"]}}],"collection":[{"href":"https:\/\/ceresvietnam.com\/en\/wp-json\/wp\/v2\/product"}],"about":[{"href":"https:\/\/ceresvietnam.com\/en\/wp-json\/wp\/v2\/types\/product"}],"replies":[{"embeddable":true,"href":"https:\/\/ceresvietnam.com\/en\/wp-json\/wp\/v2\/comments?post=1203"}],"wp:featuredmedia":[{"embeddable":true,"href":"https:\/\/ceresvietnam.com\/en\/wp-json\/wp\/v2\/media\/1204"}],"wp:attachment":[{"href":"https:\/\/ceresvietnam.com\/en\/wp-json\/wp\/v2\/media?parent=1203"}],"wp:term":[{"taxonomy":"product_brand","embeddable":true,"href":"https:\/\/ceresvietnam.com\/en\/wp-json\/wp\/v2\/product_brand?post=1203"},{"taxonomy":"product_cat","embeddable":true,"href":"https:\/\/ceresvietnam.com\/en\/wp-json\/wp\/v2\/product_cat?post=1203"},{"taxonomy":"product_tag","embeddable":true,"href":"https:\/\/ceresvietnam.com\/en\/wp-json\/wp\/v2\/product_tag?post=1203"}],"curies":[{"name":"wp","href":"https:\/\/api.w.org\/{rel}","templated":true}]}}