{"id":1208,"date":"2026-03-13T09:37:51","date_gmt":"2026-03-13T02:37:51","guid":{"rendered":"https:\/\/ceresvietnam.com\/?post_type=product&#038;p=1208"},"modified":"2026-03-31T08:38:18","modified_gmt":"2026-03-31T01:38:18","slug":"tra-dong-phuong-my-nhan-cordyceps-ceres","status":"publish","type":"product","link":"https:\/\/ceresvietnam.com\/en\/san-pham\/tra-dong-phuong-my-nhan-cordyceps-ceres\/","title":{"rendered":"TR\u00c0 \u0110\u00d4NG PH\u01af\u01a0NG M\u1ef8 NH\u00c2N CORDYCEPS CERES"},"content":{"rendered":"<p><span style=\"font-weight: 400;\">Gi\u1eefa th\u1ecb tr\u01b0\u1eddng tr\u00e0n ng\u1eadp c\u00e1c s\u1ea3n ph\u1ea9m ch\u1ea1y theo h\u00e0m l\u01b0\u1ee3ng cao, t\u00e1c d\u1ee5ng nhanh, CERES l\u1ef1a ch\u1ecdn m\u1ed9t con \u0111\u01b0\u1eddng ch\u1eadm r\u00e3i h\u01a1n nh\u01b0ng v\u1eefng v\u00e0ng h\u01a1n \u2013 <\/span><b>con \u0111\u01b0\u1eddng n\u00f4ng s\u1ea3n t\u1eed t\u1ebf<\/b><span style=\"font-weight: 400;\">. \u1ede \u0111\u00f3, m\u1ed7i s\u1ea3n ph\u1ea9m \u0111\u01b0\u1ee3c ph\u00e1t tri\u1ec3n d\u1ef1a tr\u00ean gi\u00e1 tr\u1ecb th\u1eadt c\u1ee7a nguy\u00ean li\u1ec7u, quy tr\u00ecnh nu\u00f4i tr\u1ed3ng chu\u1ea9n m\u1ef1c v\u00e0 s\u1ef1 t\u00f4n tr\u1ecdng c\u01a1 th\u1ec3 ng\u01b0\u1eddi s\u1eed d\u1ee5ng.<\/span><\/p>\n<p style=\"text-align: justify;\"><span style=\"font-weight: 400;\">Kh\u1edfi \u0111\u1ea7u v\u1edbi <\/span><b>Cordyceps Vietnam (\u0110\u00f4ng Tr\u00f9ng H\u1ea1 Th\u1ea3o)<\/b><span style=\"font-weight: 400;\"> \u2013 m\u1ed9t n\u00f4ng s\u1ea3n gi\u00e0u gi\u00e1 tr\u1ecb sinh h\u1ecdc, \u0111\u01b0\u1ee3c nghi\u00ean c\u1ee9u v\u00e0 nu\u00f4i tr\u1ed3ng b\u00e0i b\u1ea3n t\u1ea1i Vi\u1ec7t Nam, CERES mong mu\u1ed1n mang \u0111\u1ebfn nh\u1eefng gi\u1ea3i ph\u00e1p b\u1ed5 sung dinh d\u01b0\u1ee1ng <\/span><b>an to\u00e0n \u2013 minh b\u1ea1ch \u2013 ph\u00f9 h\u1ee3p v\u1edbi \u0111\u1eddi s\u1ed1ng h\u1eb1ng ng\u00e0y c\u1ee7a ng\u01b0\u1eddi Vi\u1ec7t<\/b><span style=\"font-weight: 400;\">.<\/span><\/p>\n<p style=\"text-align: justify;\"><span style=\"font-weight: 400;\">T\u1eeb n\u1ec1n t\u1ea3ng \u0111\u00f3, <\/span><b>Tr\u00e0 \u0110\u00f4ng Ph\u01b0\u01a1ng M\u1ef9 Nh\u00e2n Cordyceps CERES<\/b><span style=\"font-weight: 400;\"> ra \u0111\u1eddi nh\u01b0 m\u1ed9t s\u1ef1 giao thoa tinh t\u1ebf gi\u1eefa <\/span><b>v\u0103n h\u00f3a th\u01b0\u1edfng tr\u00e0 ph\u01b0\u01a1ng \u0110\u00f4ng<\/b><span style=\"font-weight: 400;\"> v\u00e0 <\/span><b>gi\u00e1 tr\u1ecb dinh d\u01b0\u1ee1ng hi\u1ec7n \u0111\u1ea1i<\/b><span style=\"font-weight: 400;\">, gi\u00fap vi\u1ec7c ch\u0103m s\u00f3c s\u1ee9c kh\u1ecfe tr\u1edf n\u00ean nh\u1eb9 nh\u00e0ng, t\u1ef1 nhi\u00ean v\u00e0 b\u1ec1n v\u1eefng h\u01a1n m\u1ed7i ng\u00e0y.<\/span><\/p>\n<p style=\"text-align: justify;\"><b>Gi\u1edbi thi\u1ec7u Tr\u00e0 \u0110\u00f4ng Ph\u01b0\u01a1ng M\u1ef9 Nh\u00e2n Cordyceps CERES<\/b><\/p>\n<p style=\"text-align: justify;\"><b>Tr\u00e0 \u0110\u00f4ng Ph\u01b0\u01a1ng M\u1ef9 Nh\u00e2n Cordyceps CERES<\/b><span style=\"font-weight: 400;\"> l\u00e0 d\u00f2ng tr\u00e0 th\u1ea3o m\u1ed9c cao c\u1ea5p, k\u1ebft h\u1ee3p gi\u1eefa <\/span><b>tr\u00e0 \u0110\u00f4ng Ph\u01b0\u01a1ng M\u1ef9 Nh\u00e2n (Oriental Beauty Tea)<\/b><span style=\"font-weight: 400;\"> \u2013 n\u1ed5i ti\u1ebfng v\u1edbi h\u01b0\u01a1ng m\u1eadt ong, tr\u00e1i ch\u00edn d\u1ecbu ng\u1ecdt \u2013 c\u00f9ng <\/span><b>\u0110\u00f4ng Tr\u00f9ng H\u1ea1 Th\u1ea3o Cordyceps militaris<\/b><span style=\"font-weight: 400;\"> \u0111\u01b0\u1ee3c nu\u00f4i tr\u1ed3ng chu\u1ea9n m\u1ef1c t\u1ea1i Vi\u1ec7t Nam.<\/span><\/p>\n<p style=\"text-align: justify;\"><span style=\"font-weight: 400;\">Kh\u00e1c v\u1edbi nh\u1eefng lo\u1ea1i tr\u00e0 xanh ho\u1eb7c tr\u00e0 \u0111\u1eadm v\u1ecb, \u0110\u00f4ng Ph\u01b0\u01a1ng M\u1ef9 Nh\u00e2n mang s\u1eafc tr\u00e0 h\u1ed5 ph\u00e1ch, h\u1eadu v\u1ecb ng\u1ecdt t\u1ef1 nhi\u00ean v\u00e0 h\u01b0\u01a1ng th\u01a1m s\u00e2u l\u1eafng. Khi k\u1ebft h\u1ee3p c\u00f9ng Cordyceps, s\u1ea3n ph\u1ea9m kh\u00f4ng ch\u1ec9 gi\u1eef tr\u1ecdn tr\u1ea3i nghi\u1ec7m th\u01b0\u1edfng tr\u00e0 thanh tao m\u00e0 c\u00f2n <\/span><b>b\u1ed5 sung gi\u00e1 tr\u1ecb dinh d\u01b0\u1ee1ng nh\u1eb9 nh\u00e0ng<\/b><span style=\"font-weight: 400;\">, ph\u00f9 h\u1ee3p cho ng\u01b0\u1eddi hi\u1ec7n \u0111\u1ea1i mu\u1ed1n ch\u0103m s\u00f3c s\u1ee9c kh\u1ecfe m\u00e0 kh\u00f4ng l\u00e0m x\u00e1o tr\u1ed9n nh\u1ecbp s\u1ed1ng th\u01b0\u1eddng ng\u00e0y.<\/span><\/p>\n<p style=\"text-align: justify;\"><span style=\"font-weight: 400;\">\u0110\u00e2y l\u00e0 s\u1ea3n ph\u1ea9m d\u00e0nh cho:<\/span><\/p>\n<ul style=\"text-align: justify;\">\n<li style=\"font-weight: 400;\" aria-level=\"1\"><span style=\"font-weight: 400;\">Ng\u01b0\u1eddi l\u00e0m vi\u1ec7c tr\u00ed \u00f3c, c\u1ea7n s\u1ef1 t\u1ec9nh t\u00e1o nh\u1eb9 nh\u00e0ng<\/span><\/li>\n<li style=\"font-weight: 400;\" aria-level=\"1\"><span style=\"font-weight: 400;\">Ng\u01b0\u1eddi quan t\u00e2m \u0111\u1ebfn s\u1ee9c kh\u1ecfe l\u00e2u d\u00e0i<\/span><\/li>\n<li style=\"font-weight: 400;\" aria-level=\"1\"><span style=\"font-weight: 400;\">Ng\u01b0\u1eddi y\u00eau tr\u00e0 v\u00e0 tr\u00e2n tr\u1ecdng gi\u00e1 tr\u1ecb t\u1ef1 nhi\u00ean, nguy\u00ean b\u1ea3n<\/span><span style=\"font-weight: 400;\"><br \/>\n<\/span><\/li>\n<\/ul>\n<h2 style=\"text-align: justify;\"><b>\u2b50Th\u00e0nh ph\u1ea7n<\/b><\/h2>\n<p style=\"text-align: justify;\"><b>Th\u00e0nh ph\u1ea7n ch\u00ednh:<\/b><\/p>\n<ul style=\"text-align: justify;\">\n<li style=\"font-weight: 400;\" aria-level=\"1\"><b>Tr\u00e0 \u0110\u00f4ng Ph\u01b0\u01a1ng M\u1ef9 Nh\u00e2n<\/b><span style=\"font-weight: 400;\">: \u0111\u01b0\u1ee3c tuy\u1ec3n ch\u1ecdn t\u1eeb ngu\u1ed3n nguy\u00ean li\u1ec7u ch\u1ea5t l\u01b0\u1ee3ng cao, l\u00ean men t\u1ef1 nhi\u00ean, t\u1ea1o n\u00ean h\u01b0\u01a1ng v\u1ecb \u0111\u1eb7c tr\u01b0ng d\u1ecbu ng\u1ecdt v\u00e0 s\u1eafc tr\u00e0 \u1ea5m.<\/span><\/li>\n<li style=\"font-weight: 400;\" aria-level=\"1\"><b>\u0110\u00f4ng Tr\u00f9ng H\u1ea1 Th\u1ea3o Cordyceps militaris<\/b><span style=\"font-weight: 400;\">: nu\u00f4i tr\u1ed3ng t\u1ea1i Vi\u1ec7t Nam theo quy tr\u00ecnh ki\u1ec3m so\u00e1t nghi\u00eam ng\u1eb7t, \u0111\u1ea3m b\u1ea3o \u0111\u1ed9 an to\u00e0n v\u00e0 \u1ed5n \u0111\u1ecbnh v\u1ec1 ch\u1ea5t l\u01b0\u1ee3ng.<\/span><span style=\"font-weight: 400;\"><br \/>\n<\/span><\/li>\n<\/ul>\n<p style=\"text-align: justify;\"><b>Cam k\u1ebft kh\u00f4ng ch\u1ee9a:<\/b><\/p>\n<ul style=\"text-align: justify;\">\n<li style=\"font-weight: 400;\" aria-level=\"1\"><span style=\"font-weight: 400;\">Ch\u1ea5t b\u1ea3o qu\u1ea3n t\u1ed5ng h\u1ee3p<\/span><\/li>\n<li style=\"font-weight: 400;\" aria-level=\"1\"><span style=\"font-weight: 400;\">Ph\u1ea9m m\u00e0u nh\u00e2n t\u1ea1o<\/span><\/li>\n<li style=\"font-weight: 400;\" aria-level=\"1\"><span style=\"font-weight: 400;\">H\u01b0\u01a1ng li\u1ec7u h\u00f3a h\u1ecdc<\/span><\/li>\n<li style=\"font-weight: 400;\" aria-level=\"1\"><span style=\"font-weight: 400;\">T\u1ea1p ch\u1ea5t kh\u00f4ng r\u00f5 ngu\u1ed3n g\u1ed1c<\/span><span style=\"font-weight: 400;\"><br \/>\n<\/span><\/li>\n<\/ul>\n<h2 style=\"text-align: justify;\"><b>\u2b50 Gi\u00e1 tr\u1ecb dinh d\u01b0\u1ee1ng &amp; l\u1ee3i \u00edch s\u1eed d\u1ee5ng<\/b><\/h2>\n<h3 style=\"text-align: justify;\"><b>\u00a0Gi\u00e1 tr\u1ecb t\u1eeb tr\u00e0 \u0110\u00f4ng Ph\u01b0\u01a1ng M\u1ef9 Nh\u00e2n<\/b><\/h3>\n<ul style=\"text-align: justify;\">\n<li style=\"font-weight: 400;\" aria-level=\"1\"><span style=\"font-weight: 400;\">Ch\u1ee9a c\u00e1c h\u1ee3p ch\u1ea5t t\u1ef1 nhi\u00ean<\/span><\/li>\n<li style=\"font-weight: 400;\" aria-level=\"1\"><span style=\"font-weight: 400;\">H\u1ed7 tr\u1ee3 ch\u1ed1ng oxy h\u00f3a<\/span><\/li>\n<li style=\"font-weight: 400;\" aria-level=\"1\"><span style=\"font-weight: 400;\">Mang l\u1ea1i c\u1ea3m gi\u00e1c th\u01b0 gi\u00e3n, d\u1ec5 ch\u1ecbu khi s\u1eed d\u1ee5ng<\/span><\/li>\n<li style=\"font-weight: 400;\" aria-level=\"1\"><span style=\"font-weight: 400;\">\u00cdt ch\u00e1t, d\u1ec5 u\u1ed1ng, ph\u00f9 h\u1ee3p nhi\u1ec1u \u0111\u1ed1i t\u01b0\u1ee3ng<\/span><\/li>\n<\/ul>\n<h3 style=\"text-align: justify;\"><b>\u200dGi\u00e1 tr\u1ecb t\u1eeb Cordyceps (\u0110\u00f4ng Tr\u00f9ng H\u1ea1 Th\u1ea3o)<\/b><\/h3>\n<ul style=\"text-align: justify;\">\n<li style=\"font-weight: 400;\" aria-level=\"1\"><span style=\"font-weight: 400;\">Ch\u1ee9a c\u00e1c d\u01b0\u1ee1ng ch\u1ea5t t\u1ef1 nhi\u00ean\u00a0<\/span><\/li>\n<li style=\"font-weight: 400;\" aria-level=\"1\"><span style=\"font-weight: 400;\">G\u00f3p ph\u1ea7n h\u1ed7 tr\u1ee3 t\u0103ng c\u01b0\u1eddng s\u1ee9c \u0111\u1ec1 kh\u00e1ng<\/span><\/li>\n<li style=\"font-weight: 400;\" aria-level=\"1\"><span style=\"font-weight: 400;\">H\u1ed7 tr\u1ee3 duy tr\u00ec th\u1ec3 tr\u1ea1ng \u1ed5n \u0111\u1ecbnh khi s\u1eed d\u1ee5ng \u0111\u1ec1u \u0111\u1eb7n<\/span><\/li>\n<\/ul>\n<p style=\"text-align: justify;\"><span style=\"font-weight: 400;\">Tr\u00e0 \u0110\u00f4ng Ph\u01b0\u01a1ng M\u1ef9 Nh\u00e2n Cordyceps CERES h\u01b0\u1edbng \u0111\u1ebfn:<\/span><\/p>\n<ul style=\"text-align: justify;\">\n<li style=\"font-weight: 400;\" aria-level=\"1\"><b>B\u1ed5 sung dinh d\u01b0\u1ee1ng nh\u1eb9 nh\u00e0ng<\/b><\/li>\n<li style=\"font-weight: 400;\" aria-level=\"1\"><b>H\u1ed7 tr\u1ee3 s\u1ee9c kh\u1ecfe t\u1ed5ng th\u1ec3<\/b><\/li>\n<li style=\"font-weight: 400;\" aria-level=\"1\"><b>D\u1ec5 d\u00e0ng s\u1eed d\u1ee5ng h\u1eb1ng ng\u00e0y m\u00e0 kh\u00f4ng g\u00e2y \u00e1p l\u1ef1c cho c\u01a1 th\u1ec3<\/b><\/li>\n<\/ul>\n<p style=\"text-align: justify;\"><b>\u2b50\u01afu \u0111i\u1ec3m n\u1ed5i b\u1eadt<\/b><\/p>\n<ul style=\"text-align: justify;\">\n<li style=\"font-weight: 400;\" aria-level=\"1\"><span style=\"font-weight: 400;\">S\u1ef1 k\u1ebft h\u1ee3p h\u00e0i h\u00f2a gi\u1eefa tr\u00e0 truy\u1ec1n th\u1ed1ng v\u00e0 Cordyceps hi\u1ec7n \u0111\u1ea1i<\/span><\/li>\n<li style=\"font-weight: 400;\" aria-level=\"1\"><span style=\"font-weight: 400;\">Ngu\u1ed3n nguy\u00ean li\u1ec7u <\/span><b>minh b\u1ea1ch, c\u00f3 th\u1ec3 truy xu\u1ea5t<\/b><\/li>\n<li style=\"font-weight: 400;\" aria-level=\"1\"><span style=\"font-weight: 400;\">Nguy\u00ean li\u1ec7u c\u00f3 <\/span><b>COA cho t\u1eebng l\u00f4 s\u1ea3n xu\u1ea5t<\/b><\/li>\n<li style=\"font-weight: 400;\" aria-level=\"1\"><span style=\"font-weight: 400;\">N\u1ea5m Cordyceps \u0111\u1ea1t c\u00e1c ch\u1ee9ng nh\u1eadn:<\/span><span style=\"font-weight: 400;\"><br \/>\n<\/span><\/p>\n<ul>\n<li style=\"font-weight: 400;\" aria-level=\"2\"><b>FDA\u00a0<\/b><\/li>\n<li style=\"font-weight: 400;\" aria-level=\"2\"><b>ISO ISO 22000:2018 (T\u00dcV Rheinland)<\/b><\/li>\n<li style=\"font-weight: 400;\" aria-level=\"2\"><b>HALAL<\/b><b><br \/>\n<\/b><\/li>\n<\/ul>\n<\/li>\n<li style=\"font-weight: 400;\" aria-level=\"1\"><span style=\"font-weight: 400;\">Ph\u00f9 h\u1ee3p v\u1edbi xu h\u01b0\u1edbng s\u1ed1ng l\u00e0nh m\u1ea1nh, b\u1ec1n v\u1eefng<\/span><\/li>\n<li style=\"font-weight: 400;\" aria-level=\"1\"><span style=\"font-weight: 400;\">H\u01b0\u01a1ng v\u1ecb d\u1ec5 u\u1ed1ng, c\u00f3 th\u1ec3 d\u00f9ng l\u00e2u d\u00e0i<\/span><\/li>\n<\/ul>\n<p style=\"text-align: justify;\"><b>\u00a0Ch\u1ee9ng nh\u1eadn &amp; ki\u1ec3m \u0111\u1ecbnh ch\u1ea5t l\u01b0\u1ee3ng<\/b><\/p>\n<p style=\"text-align: justify;\"><span style=\"font-weight: 400;\">CERES cam k\u1ebft tu\u00e2n th\u1ee7 c\u00e1c ti\u00eau chu\u1ea9n qu\u1ed1c t\u1ebf trong su\u1ed1t qu\u00e1 tr\u00ecnh s\u1ea3n xu\u1ea5t:<\/span><\/p>\n<ul style=\"text-align: justify;\">\n<li style=\"font-weight: 400;\" aria-level=\"1\"><b>COA (Certificate of Analysis)<\/b><span style=\"font-weight: 400;\">: \u0111\u1ea3m b\u1ea3o an to\u00e0n v\u00e0 ch\u1ea5t l\u01b0\u1ee3ng<\/span><\/li>\n<li style=\"font-weight: 400;\" aria-level=\"1\"><b>FDA<\/b><span style=\"font-weight: 400;\">: \u0111\u00e1p \u1ee9ng y\u00eau c\u1ea7u v\u1ec1 an to\u00e0n th\u1ef1c ph\u1ea9m<\/span><\/li>\n<li style=\"font-weight: 400;\" aria-level=\"1\"><b>ISO 22000:2018 (T\u00dcV Rheinland)<\/b><span style=\"font-weight: 400;\">: h\u1ec7 th\u1ed1ng qu\u1ea3n l\u00fd ch\u1ea5t l\u01b0\u1ee3ng nghi\u00eam ng\u1eb7t<\/span><\/li>\n<li style=\"font-weight: 400;\" aria-level=\"1\"><b>HALAL<\/b><span style=\"font-weight: 400;\">: ph\u00f9 h\u1ee3p ti\u00eau chu\u1ea9n s\u1eed d\u1ee5ng c\u1ee7a ng\u01b0\u1eddi H\u1ed3i gi\u00e1o<\/span><span style=\"font-weight: 400;\"><br \/>\n<\/span><\/li>\n<\/ul>\n<p style=\"text-align: justify;\"><b> H\u01b0\u1edbng d\u1eabn s\u1eed d\u1ee5ng<\/b><\/p>\n<ul style=\"text-align: justify;\">\n<li style=\"font-weight: 400;\" aria-level=\"1\"><b>B\u01b0\u1edbc 1:<\/b><span style=\"font-weight: 400;\"> Chu\u1ea9n b\u1ecb 200 \u2013 250ml n\u01b0\u1edbc \u0111un s\u00f4i, \u0111\u1ec3 ngu\u1ed9i nhi\u1ec7t \u0111\u1ed9 <\/span><b>70 \u2013 80\u00b0C<\/b><\/li>\n<li style=\"font-weight: 400;\" aria-level=\"1\"><b>B\u01b0\u1edbc 2:<\/b><span style=\"font-weight: 400;\"> Cho 1 t\u00fai tr\u00e0 \u0110\u00f4ng Ph\u01b0\u01a1ng M\u1ef9 Nh\u00e2n Cordyceps v\u00e0o t\u00e1ch<\/span><\/li>\n<li style=\"font-weight: 400;\" aria-level=\"1\"><b>B\u01b0\u1edbc 3:<\/b><span style=\"font-weight: 400;\"> R\u00f3t n\u01b0\u1edbc \u0111\u00e3 chu\u1ea9n b\u1ecb v\u00e0o v\u00e0 \u1ee7 tr\u00e0 t\u1eeb <\/span><b>3 \u2013 5 ph\u00fat<\/b><\/li>\n<li style=\"font-weight: 400;\" aria-level=\"1\"><b>B\u01b0\u1edbc 4:<\/b><span style=\"font-weight: 400;\"> Th\u01b0\u1edfng th\u1ee9c n\u00f3ng ho\u1eb7c l\u1ea1nh t\u00f9y kh\u1ea9u v\u1ecb<\/span><\/li>\n<\/ul>\n<p style=\"text-align: justify;\"><b>Khuy\u1ebfn ngh\u1ecb s\u1eed d\u1ee5ng:<\/b><b><br \/>\n<\/b><span style=\"font-weight: 400;\"> U\u1ed1ng 1\u20132 t\u00e1ch m\u1ed7i ng\u00e0y, t\u1ed1t nh\u1ea5t v\u00e0o bu\u1ed5i s\u00e1ng ho\u1eb7c <\/span><span style=\"font-weight: 400;\">t\u1ed1i tr\u01b0\u1edbc khi \u0111i ng\u1ee7 cho s\u1ef1 th\u01b0 gi\u00e3n nh\u1eb9 nh\u00e0ng.<\/span><\/p>\n<p style=\"text-align: justify;\"><b>\u26a0\ufe0f Khuy\u1ebfn c\u00e1o &amp; l\u01b0u \u00fd<\/b><\/p>\n<ul style=\"text-align: justify;\">\n<li style=\"font-weight: 400;\" aria-level=\"1\"><span style=\"font-weight: 400;\">Kh\u00f4ng s\u1eed d\u1ee5ng cho ng\u01b0\u1eddi d\u1ecb \u1ee9ng v\u1edbi b\u1ea5t k\u1ef3 th\u00e0nh ph\u1ea7n n\u00e0o c\u1ee7a s\u1ea3n ph\u1ea9m<\/span><\/li>\n<li style=\"font-weight: 400;\" aria-level=\"1\"><span style=\"font-weight: 400;\">Ph\u1ee5 n\u1eef mang thai, ng\u01b0\u1eddi \u0111ang \u0111i\u1ec1u tr\u1ecb b\u1ec7nh ho\u1eb7c \u0111ang d\u00f9ng thu\u1ed1c n\u00ean tham kh\u1ea3o \u00fd ki\u1ebfn chuy\u00ean gia tr\u01b0\u1edbc khi s\u1eed d\u1ee5ng<\/span><\/li>\n<li style=\"font-weight: 400;\" aria-level=\"1\"><span style=\"font-weight: 400;\">Ng\u01b0ng s\u1eed d\u1ee5ng n\u1ebfu ph\u00e1t hi\u1ec7n s\u1ea3n ph\u1ea9m c\u00f3 d\u1ea5u hi\u1ec7u b\u1ea5t th\u01b0\u1eddng<\/span><span style=\"font-weight: 400;\"><br \/>\n<\/span><\/li>\n<\/ul>\n<h2 style=\"text-align: justify;\"><b>C\u00e1ch b\u1ea3o qu\u1ea3n<\/b><\/h2>\n<ul style=\"text-align: justify;\">\n<li style=\"font-weight: 400;\" aria-level=\"1\"><span style=\"font-weight: 400;\">B\u1ea3o qu\u1ea3n n\u01a1i kh\u00f4 r\u00e1o, tho\u00e1ng m\u00e1t<\/span><\/li>\n<li style=\"font-weight: 400;\" aria-level=\"1\"><span style=\"font-weight: 400;\">Tr\u00e1nh \u00e1nh n\u1eafng tr\u1ef1c ti\u1ebfp v\u00e0 m\u00f4i tr\u01b0\u1eddng \u1ea9m<\/span><\/li>\n<li style=\"font-weight: 400;\" aria-level=\"1\"><span style=\"font-weight: 400;\">\u0110\u00f3ng k\u00edn bao b\u00ec sau khi m\u1edf<\/span><\/li>\n<li style=\"font-weight: 400;\" aria-level=\"1\"><span style=\"font-weight: 400;\">S\u1eed d\u1ee5ng trong th\u1eddi h\u1ea1n khuy\u1ebfn ngh\u1ecb \u0111\u1ec3 \u0111\u1ea3m b\u1ea3o ch\u1ea5t l\u01b0\u1ee3ng t\u1ed1t nh\u1ea5t<\/span><span style=\"font-weight: 400;\"><br \/>\n<\/span><\/li>\n<\/ul>\n<h2 style=\"text-align: justify;\"><b> Th\u00f4ng \u0111i\u1ec7p t\u1eeb CERES<\/b><\/h2>\n<p style=\"text-align: justify;\"><b>Tr\u00e0 \u0110\u00f4ng Ph\u01b0\u01a1ng M\u1ef9 Nh\u00e2n Cordyceps CERES<\/b><span style=\"font-weight: 400;\"> kh\u00f4ng ch\u1ec9 l\u00e0 m\u1ed9t th\u1ee9c tr\u00e0, m\u00e0 l\u00e0 <\/span><b>m\u1ed9t nh\u1ecbp ch\u1eadm<\/b><span style=\"font-weight: 400;\"> gi\u1eefa \u0111\u1eddi s\u1ed1ng b\u1eadn r\u1ed9n \u2013 n\u01a1i b\u1ea1n d\u00e0nh th\u1eddi gian ch\u0103m s\u00f3c s\u1ee9c kh\u1ecfe b\u1eb1ng s\u1ef1 hi\u1ec3u bi\u1ebft, ki\u00ean nh\u1eabn v\u00e0 t\u1eed t\u1ebf v\u1edbi ch\u00ednh m\u00ecnh.<\/span><\/p>\n<p style=\"text-align: justify;\"><b>CERES \u2013 Care For Your Wellness.<\/b><b><br \/>\n<\/b><b> Ch\u0103m s\u00f3c s\u1ee9c kh\u1ecfe b\u1ec1n v\u1eefng, b\u1eaft \u0111\u1ea7u t\u1eeb nh\u1eefng \u0111i\u1ec1u gi\u1ea3n d\u1ecb m\u1ed7i ng\u00e0y.<\/b><\/p>\n","protected":false},"excerpt":{"rendered":"<p style=\"text-align: justify;\"><b>Tinh hoa tr\u00e0 ph\u01b0\u01a1ng \u0110\u00f4ng \u2013 Dinh d\u01b0\u1ee1ng t\u1eed t\u1ebf cho s\u1ee9c kh\u1ecfe b\u1ec1n v\u1eefng<\/b><\/p>\n<h2 style=\"text-align: justify;\"><b>CERES \u2013 Kh\u1edfi ngu\u1ed3n t\u1eeb tri\u1ebft l\u00fd ch\u0103m s\u00f3c s\u1ee9c kh\u1ecfe t\u1eed t\u1ebf<\/b><\/h2>\n<p style=\"text-align: justify;\"><span style=\"font-weight: 400;\">CERES \u0111\u01b0\u1ee3c h\u00ecnh th\u00e0nh t\u1eeb tri\u1ebft l\u00fd <\/span><b>\u201cCare For Your Wellness\u201d<\/b><span style=\"font-weight: 400;\"> \u2013 ch\u0103m s\u00f3c s\u1ee9c kh\u1ecfe b\u1eb1ng s\u1ef1 t\u1eed t\u1ebf, khoa h\u1ecdc v\u00e0 minh b\u1ea1ch. Ch\u00fang t\u00f4i tin r\u1eb1ng s\u1ee9c kh\u1ecfe b\u1ec1n v\u1eefng kh\u00f4ng \u0111\u1ebfn t\u1eeb nh\u1eefng gi\u1ea3i ph\u00e1p t\u1ee9c th\u00ec hay l\u1eddi h\u1ee9a ph\u00f3ng \u0111\u1ea1i, m\u00e0 \u0111\u01b0\u1ee3c x\u00e2y d\u1ef1ng t\u1eeb <\/span><b>n\u1ec1n dinh d\u01b0\u1ee1ng t\u1ef1 nhi\u00ean, c\u00e2n b\u1eb1ng v\u00e0 \u0111\u1ee7 an to\u00e0n \u0111\u1ec3 s\u1eed d\u1ee5ng m\u1ed7i ng\u00e0y<\/b><span style=\"font-weight: 400;\">.<\/span><\/p>\n","protected":false},"featured_media":1206,"comment_status":"closed","ping_status":"closed","template":"","meta":[],"product_brand":[],"product_cat":[89],"product_tag":[],"class_list":{"0":"post-1208","1":"product","2":"type-product","3":"status-publish","4":"has-post-thumbnail","6":"product_cat-tra","8":"first","9":"instock","10":"shipping-taxable","11":"purchasable","12":"product-type-variable","13":"add-to-wishlist-after_add_to_cart"},"_links":{"self":[{"href":"https:\/\/ceresvietnam.com\/en\/wp-json\/wp\/v2\/product\/1208","targetHints":{"allow":["GET"]}}],"collection":[{"href":"https:\/\/ceresvietnam.com\/en\/wp-json\/wp\/v2\/product"}],"about":[{"href":"https:\/\/ceresvietnam.com\/en\/wp-json\/wp\/v2\/types\/product"}],"replies":[{"embeddable":true,"href":"https:\/\/ceresvietnam.com\/en\/wp-json\/wp\/v2\/comments?post=1208"}],"wp:featuredmedia":[{"embeddable":true,"href":"https:\/\/ceresvietnam.com\/en\/wp-json\/wp\/v2\/media\/1206"}],"wp:attachment":[{"href":"https:\/\/ceresvietnam.com\/en\/wp-json\/wp\/v2\/media?parent=1208"}],"wp:term":[{"taxonomy":"product_brand","embeddable":true,"href":"https:\/\/ceresvietnam.com\/en\/wp-json\/wp\/v2\/product_brand?post=1208"},{"taxonomy":"product_cat","embeddable":true,"href":"https:\/\/ceresvietnam.com\/en\/wp-json\/wp\/v2\/product_cat?post=1208"},{"taxonomy":"product_tag","embeddable":true,"href":"https:\/\/ceresvietnam.com\/en\/wp-json\/wp\/v2\/product_tag?post=1208"}],"curies":[{"name":"wp","href":"https:\/\/api.w.org\/{rel}","templated":true}]}}